{"id":3201,"date":"2022-05-11T09:55:34","date_gmt":"2022-05-11T09:55:34","guid":{"rendered":"http:\/\/test.loc\/?page_id=3201"},"modified":"2024-06-05T12:53:15","modified_gmt":"2024-06-05T12:53:15","slug":"about-us","status":"publish","type":"page","link":"https:\/\/yournextride.de\/de\/about-us\/","title":{"rendered":"\u00dcber uns"},"content":{"rendered":"<div data-elementor-type=\"wp-page\" data-elementor-id=\"3201\" class=\"elementor elementor-3201\">\n\t\t\t\t\t\t<section class=\"elementor-section elementor-top-section elementor-element elementor-element-51f601c elementor-section-boxed elementor-section-height-default elementor-section-height-default\" data-id=\"51f601c\" data-element_type=\"section\">\n\t\t\t\t\t\t<div class=\"elementor-container elementor-column-gap-default\">\n\t\t\t\t\t<div class=\"elementor-column elementor-col-50 elementor-top-column elementor-element elementor-element-4c2cbd2\" data-id=\"4c2cbd2\" data-element_type=\"column\">\n\t\t\t<div class=\"elementor-widget-wrap elementor-element-populated\">\n\t\t\t\t\t\t<div class=\"elementor-element elementor-element-595524a elementor-widget__width-initial elementor-widget elementor-widget-image\" data-id=\"595524a\" data-element_type=\"widget\" data-widget_type=\"image.default\">\n\t\t\t\t<div class=\"elementor-widget-container\">\n\t\t\t<style>\/*! elementor - v3.20.0 - 26-03-2024 *\/\n.elementor-widget-image{text-align:center}.elementor-widget-image a{display:inline-block}.elementor-widget-image a img[src$=\".svg\"]{width:48px}.elementor-widget-image img{vertical-align:middle;display:inline-block}<\/style>\t\t\t\t\t\t\t\t\t\t\t\t\t\t\t\t\t\t\t\t\t\t\t<\/div>\n\t\t\t\t<\/div>\n\t\t\t\t\t<\/div>\n\t\t<\/div>\n\t\t\t\t<div class=\"elementor-column elementor-col-50 elementor-top-column elementor-element elementor-element-db52b58\" data-id=\"db52b58\" data-element_type=\"column\">\n\t\t\t<div class=\"elementor-widget-wrap elementor-element-populated\">\n\t\t\t\t\t\t<div class=\"elementor-element elementor-element-1f7fe68 elementor-widget elementor-widget-text-editor\" data-id=\"1f7fe68\" data-element_type=\"widget\" data-widget_type=\"text-editor.default\">\n\t\t\t\t<div class=\"elementor-widget-container\">\n\t\t\t<style>\/*! elementor - v3.20.0 - 26-03-2024 *\/\n.elementor-widget-text-editor.elementor-drop-cap-view-stacked .elementor-drop-cap{background-color:#69727d;color:#fff}.elementor-widget-text-editor.elementor-drop-cap-view-framed .elementor-drop-cap{color:#69727d;border:3px solid;background-color:transparent}.elementor-widget-text-editor:not(.elementor-drop-cap-view-default) .elementor-drop-cap{margin-top:8px}.elementor-widget-text-editor:not(.elementor-drop-cap-view-default) .elementor-drop-cap-letter{width:1em;height:1em}.elementor-widget-text-editor .elementor-drop-cap{float:left;text-align:center;line-height:1;font-size:50px}.elementor-widget-text-editor .elementor-drop-cap-letter{display:inline-block}<\/style>\t\t\t\t<h3>WILLKOMMEN BEI\u00a0 <span style=\"color: #f5be01;\">YOUR NEXT RIDE<\/span><\/h3><h5 style=\"margin-bottom: 22px;\">Your Next Ride ist ein registrierter Dienst, der in Deutschland gegr\u00fcndet wurde, um Autok\u00e4ufer mit Autoh\u00e4ndlern zusammenzubringen und Endverbrauchern zu helfen, ihr n\u00e4chstes Fahrzeug in Deutschland zu finden und zu kaufen. Wir helfen auch Automobilherstellern und Autoh\u00e4ndlern, Sonderangebote und neue Modelle zu pr\u00e4sentieren, ihre Zielgruppe zu erreichen und die richtigen Kunden f\u00fcr ihr n\u00e4chstes Fahrzeug zu finden.<\/h5><p style=\"margin-bottom: 26px;\">Mit Sitz im Raum Schweinfurt in Bayern, Deutschland, ist Your Next Ride strategisch positioniert und arbeitet mit lokalen Autoh\u00e4ndlern zusammen, um Privatpersonen bei der Suche, dem Kauf und der Verschiffung von Autos innerhalb und au\u00dferhalb Deutschlands zu unterst\u00fctzen. In Zusammenarbeit mit internationalen Verschiffungsdiensten arbeitet Your Next Ride daran, den richtigen Verschiffungspartner zu finden, der Ihr neues Auto zum Zielhafen bringt. Bitte beachten Sie: Wir \u00fcbernehmen keine Verantwortung f\u00fcr die lokale Zollabfertigung. Bei internationalen Verschiffungen ist es unsere Aufgabe, das Auto zum Zielhafen zu bringen.<\/p><p><em>\u00a0- Jana Rohde, Gesch\u00e4ftsf\u00fchrerin von YourNextRide<\/em><\/p>\t\t\t\t\t\t<\/div>\n\t\t\t\t<\/div>\n\t\t\t\t\t<\/div>\n\t\t<\/div>\n\t\t\t\t\t<\/div>\n\t\t<\/section>\n\t\t\t\t<section class=\"elementor-section elementor-top-section elementor-element elementor-element-89359a9 elementor-section-boxed elementor-section-height-default elementor-section-height-default\" data-id=\"89359a9\" data-element_type=\"section\">\n\t\t\t\t\t\t<div class=\"elementor-container elementor-column-gap-default\">\n\t\t\t\t\t<div class=\"elementor-column elementor-col-50 elementor-top-column elementor-element elementor-element-0283819\" data-id=\"0283819\" data-element_type=\"column\">\n\t\t\t<div class=\"elementor-widget-wrap elementor-element-populated\">\n\t\t\t\t\t\t<div class=\"elementor-element elementor-element-0c2b075 elementor-widget elementor-widget-text-editor\" data-id=\"0c2b075\" data-element_type=\"widget\" data-widget_type=\"text-editor.default\">\n\t\t\t\t<div class=\"elementor-widget-container\">\n\t\t\t\t\t\t\t<h3>KERNWERTE<\/h3><hr \/><p>Ob gebraucht oder neu, wir unterst\u00fctzen Sie dabei, das ideale Auto f\u00fcr Ihren Bedarf und Ihr Budget zu finden. Ob f\u00fcr den privaten Gebrauch, \u00f6ffentliche Verkehrsmittel oder Spezialmaschinen, wir unterst\u00fctzen Sie je nach Bedarf. Mit lokalen H\u00e4ndlern von Audi, Mercedes, BMW, Porsche und anderen Marken, und mit der Nutzung von Plattformen wie www.mobile.de und www.autoscout24.de, sind wir sicher, dass wir Ihnen Ihr n\u00e4chstes Auto besorgen.<br \/>Unsere Social-Media-Plattformen sind informativ, lehrreich und unterhaltsam und bringen Autoenthusiasten durch Autorezensionen und informative Inhalte zusammen. Und wir sind offen f\u00fcr Kooperationen zur Werbung f\u00fcr Automarken oder -modelle f\u00fcr unser Publikum.<\/p><ul style=\"margin-top: 15px;\"><li>Netzwerk erfahrener Partner\u00a0<\/li><li>Robuste Auswahl an beliebten Fahrzeugen.<\/li><li>Wir wissen, wie man mit einer breiten Palette von Autodienstleistungen umgeht.<\/li><\/ul>\t\t\t\t\t\t<\/div>\n\t\t\t\t<\/div>\n\t\t\t\t\t<\/div>\n\t\t<\/div>\n\t\t\t\t<div class=\"elementor-column elementor-col-50 elementor-top-column elementor-element elementor-element-7532aff\" data-id=\"7532aff\" data-element_type=\"column\">\n\t\t\t<div class=\"elementor-widget-wrap elementor-element-populated\">\n\t\t\t\t\t\t<div class=\"elementor-element elementor-element-9ef364b elementor-widget elementor-widget-image\" data-id=\"9ef364b\" data-element_type=\"widget\" data-widget_type=\"image.default\">\n\t\t\t\t<div class=\"elementor-widget-container\">\n\t\t\t\t\t\t\t\t\t\t\t\t\t\t\t\t\t\t\t\t\t\t\t\t\t\t<\/div>\n\t\t\t\t<\/div>\n\t\t\t\t\t<\/div>\n\t\t<\/div>\n\t\t\t\t\t<\/div>\n\t\t<\/section>\n\t\t\t\t<section class=\"elementor-section elementor-top-section elementor-element elementor-element-7d78faf elementor-section-boxed elementor-section-height-default elementor-section-height-default\" data-id=\"7d78faf\" data-element_type=\"section\">\n\t\t\t\t\t\t<div class=\"elementor-container elementor-column-gap-default\">\n\t\t\t\t\t<div class=\"elementor-column elementor-col-50 elementor-top-column elementor-element elementor-element-5faafdf\" data-id=\"5faafdf\" data-element_type=\"column\">\n\t\t\t<div class=\"elementor-widget-wrap elementor-element-populated\">\n\t\t\t\t\t\t<div class=\"elementor-element elementor-element-ab83c31 elementor-widget elementor-widget-image\" data-id=\"ab83c31\" data-element_type=\"widget\" data-widget_type=\"image.default\">\n\t\t\t\t<div class=\"elementor-widget-container\">\n\t\t\t\t\t\t\t\t\t\t\t\t\t<img decoding=\"async\" src=\"https:\/\/yournextride.de\/wp-content\/uploads\/2024\/03\/Your-Next-Ride-mockup.-dad.jpg\" title=\"Mockup 3d Logo Fassade Zeichen vor modernen Geb\u00e4ude stehen\" alt=\"Mockup 3d logo facade sign standing in front of modern building PSD\" loading=\"lazy\" \/>\t\t\t\t\t\t\t\t\t\t\t\t\t<\/div>\n\t\t\t\t<\/div>\n\t\t\t\t\t<\/div>\n\t\t<\/div>\n\t\t\t\t<div class=\"elementor-column elementor-col-50 elementor-top-column elementor-element elementor-element-9e4250d\" data-id=\"9e4250d\" data-element_type=\"column\">\n\t\t\t<div class=\"elementor-widget-wrap elementor-element-populated\">\n\t\t\t\t\t\t<div class=\"elementor-element elementor-element-2c81023 elementor-widget elementor-widget-text-editor\" data-id=\"2c81023\" data-element_type=\"widget\" data-widget_type=\"text-editor.default\">\n\t\t\t\t<div class=\"elementor-widget-container\">\n\t\t\t\t\t\t\t<p><strong>Privater K\u00e4ufer<\/strong><br \/>Wir sind ein Service, Ihr vertrauensw\u00fcrdiger Vertreter in Deutschland, um Ihr n\u00e4chstes Fahrzeug zu finden, zu kaufen und zu den besten Preisen an Ihr gew\u00fcnschtes Ziel zu versenden. F\u00fcllen Sie das Kontaktformular aus und wir werden Sie weiter unterst\u00fctzen.<br \/><strong>Autoh\u00e4ndler &amp; Autohersteller<\/strong><br \/>Sie m\u00f6chten Ihre Angebote, Ihre Marke und Ihre Modelle bekannt machen? Wir freuen uns darauf, Ihr Auto kennenzulernen und diese Erfahrung in Form von Videorezensionen mit unserem Publikum zu teilen. Kontaktieren Sie uns f\u00fcr die Organisation von Autorezensionen oder Marken- und Modellwerbung.<br \/><strong>Ihr Next Ride-Partner in anderen L\u00e4ndern<\/strong><br \/>Wir sind st\u00e4ndig auf der Suche nach vertrauensw\u00fcrdigen Partnern und Autoh\u00e4ndlern in verschiedenen L\u00e4ndern, die bereit sind, mit uns zusammenzuarbeiten, da wir ihnen helfen, das n\u00e4chste Fahrzeug f\u00fcr ihre gesch\u00e4tzten Kunden zu beschaffen. Mit den wichtigsten Akteuren und Automobilherstellern in Deutschland sind wir strategisch so aufgestellt, dass wir der zuverl\u00e4ssige Partner f\u00fcr Ihren gesamten Autoeinkauf f\u00fcr den Export in L\u00e4nder au\u00dferhalb Deutschlands sind.<\/p>\t\t\t\t\t\t<\/div>\n\t\t\t\t<\/div>\n\t\t\t\t\t<\/div>\n\t\t<\/div>\n\t\t\t\t\t<\/div>\n\t\t<\/section>\n\t\t\t\t<section class=\"elementor-section elementor-top-section elementor-element elementor-element-51121bf elementor-section-full_width elementor-section-stretched elementor-section-height-default elementor-section-height-default\" data-id=\"51121bf\" data-element_type=\"section\" data-settings=\"{&quot;stretch_section&quot;:&quot;section-stretched&quot;,&quot;background_background&quot;:&quot;classic&quot;}\">\n\t\t\t\t\t\t<div class=\"elementor-container elementor-column-gap-default\">\n\t\t\t\t\t<div class=\"elementor-column elementor-col-100 elementor-top-column elementor-element elementor-element-fc16484\" data-id=\"fc16484\" data-element_type=\"column\">\n\t\t\t<div class=\"elementor-widget-wrap elementor-element-populated\">\n\t\t\t\t\t\t<section class=\"elementor-section elementor-inner-section elementor-element elementor-element-bfac1ca elementor-section-boxed elementor-section-height-default elementor-section-height-default\" data-id=\"bfac1ca\" data-element_type=\"section\">\n\t\t\t\t\t\t<div class=\"elementor-container elementor-column-gap-default\">\n\t\t\t\t\t<div class=\"elementor-column elementor-col-100 elementor-inner-column elementor-element elementor-element-0912fd4\" data-id=\"0912fd4\" data-element_type=\"column\">\n\t\t\t<div class=\"elementor-widget-wrap elementor-element-populated\">\n\t\t\t\t\t\t<div class=\"elementor-element elementor-element-02443fb elementor-widget elementor-widget-heading\" data-id=\"02443fb\" data-element_type=\"widget\" data-widget_type=\"heading.default\">\n\t\t\t\t<div class=\"elementor-widget-container\">\n\t\t\t<style>\/*! elementor - v3.20.0 - 26-03-2024 *\/\n.elementor-heading-title{padding:0;margin:0;line-height:1}.elementor-widget-heading .elementor-heading-title[class*=elementor-size-]>a{color:inherit;font-size:inherit;line-height:inherit}.elementor-widget-heading .elementor-heading-title.elementor-size-small{font-size:15px}.elementor-widget-heading .elementor-heading-title.elementor-size-medium{font-size:19px}.elementor-widget-heading .elementor-heading-title.elementor-size-large{font-size:29px}.elementor-widget-heading .elementor-heading-title.elementor-size-xl{font-size:39px}.elementor-widget-heading .elementor-heading-title.elementor-size-xxl{font-size:59px}<\/style><h2 class=\"elementor-heading-title elementor-size-default\">MEDIEN-GALERIE<\/h2>\t\t<\/div>\n\t\t\t\t<\/div>\n\t\t\t\t<div class=\"elementor-element elementor-element-5ad201b elementor-widget elementor-widget-stm-colored-separator\" data-id=\"5ad201b\" data-element_type=\"widget\" data-widget_type=\"stm-colored-separator.default\">\n\t\t\t\t<div class=\"elementor-widget-container\">\n\t\t\t<div class=\"colored-separator\" style=\"text-align: center;\">\n\t\t\t<div class=\"first-long stm-base-background-color\"><\/div>\n\t\t<div class=\"last-short stm-base-background-color\"><\/div>\n\t<\/div>\n\t\t<\/div>\n\t\t\t\t<\/div>\n\t\t\t\t<div class=\"elementor-element elementor-element-083ba49 elementor-widget elementor-widget-motors-image-carousel\" data-id=\"083ba49\" data-element_type=\"widget\" data-widget_type=\"motors-image-carousel.default\">\n\t\t\t\t<div class=\"elementor-widget-container\">\n\t\t\t\t<div class=\"motors-elementor-widget stm_image_carousel swiper-container\" id=\"stm_image_carousel-65312\">\n\t\t<div class=\"swiper-wrapper\">\n\t\t\t\t\t\t\t\t<div class=\"swiper-slide\">\n\t\t\t\t\t\t\t\t\t\t\t\t\t<img decoding=\"async\" src=\"https:\/\/yournextride.de\/wp-content\/uploads\/2021\/03\/06-270x180.jpg\" alt=\"Gallery image\">\n\t\t\t\t\t\t\t\t\t\t\t<\/div>\n\t\t\t\t\t\t\t\t\t\t<div class=\"swiper-slide\">\n\t\t\t\t\t\t\t\t\t\t\t\t\t<img decoding=\"async\" src=\"https:\/\/yournextride.de\/wp-content\/uploads\/2021\/03\/04-12-270x180.jpg\" alt=\"Gallery image\">\n\t\t\t\t\t\t\t\t\t\t\t<\/div>\n\t\t\t\t\t\t\t\t\t\t<div class=\"swiper-slide\">\n\t\t\t\t\t\t\t\t\t\t\t\t\t<img decoding=\"async\" src=\"https:\/\/yournextride.de\/wp-content\/uploads\/2021\/03\/01-24-270x180.jpg\" alt=\"Gallery image\">\n\t\t\t\t\t\t\t\t\t\t\t<\/div>\n\t\t\t\t\t\t\t\t\t\t<div class=\"swiper-slide\">\n\t\t\t\t\t\t\t\t\t\t\t\t\t<img decoding=\"async\" src=\"https:\/\/yournextride.de\/wp-content\/uploads\/2021\/03\/01-18-270x180.jpg\" alt=\"Gallery image\">\n\t\t\t\t\t\t\t\t\t\t\t<\/div>\n\t\t\t\t\t\t\t\t\t\t<div class=\"swiper-slide\">\n\t\t\t\t\t\t\t\t\t\t\t\t\t<img decoding=\"async\" src=\"https:\/\/yournextride.de\/wp-content\/uploads\/2021\/03\/01-10-270x180.jpg\" alt=\"Gallery image\">\n\t\t\t\t\t\t\t\t\t\t\t<\/div>\n\t\t\t\t\t\t\t\t\t\t<div class=\"swiper-slide\">\n\t\t\t\t\t\t\t\t\t\t\t\t\t<img decoding=\"async\" src=\"https:\/\/yournextride.de\/wp-content\/uploads\/2021\/03\/01-7-270x180.jpg\" alt=\"Gallery image\">\n\t\t\t\t\t\t\t\t\t\t\t<\/div>\n\t\t\t\t\t\t\t<\/div>\n\n\t\t\t\t\t<div class=\"stm-swiper-controls\">\n\t\t\t\t\t\t\t\t\t<div class=\"stm-swiper-prev\"><i class=\"fas fa-angle-left\"><\/i><\/div>\n\t\t\t\t\t\t\t\t\t\t\t\t\t<div class=\"swiper-pagination\"><\/div>\n\t\t\t\t\t\t\t\t\t\t\t\t\t<div class=\"stm-swiper-next\"><i class=\"fas fa-angle-right\"><\/i><\/div>\n\t\t\t\t\t\t\t<\/div>\n\t\t\t<\/div>\n\t<script>\n\t( function( $ ) {\n\t\t\"use strict\";\n\t\t\t\t$(window).on('elementor\/frontend\/init', function() {\n\t\t\t\t\tlet swiper = new Swiper('#stm_image_carousel-65312', {\n\t\t\t\t\t\t\t\tloop: true,\n\t\t\t\t\n\t\t\t\t\t\t\t\t\tsimulateTouch: false,\n\t\t\t\t\n\t\t\t\t\n\t\t\t\t\n\t\t\t\t\t\t\t\t\tslidesPerGroup: 1,\n\t\t\t\t\n\t\t\t\tslidesPerView: 1,\n\n\t\t\t\tspaceBetween: 12,\n\n\t\t\t\tcenterInsufficientSlides: true,\n\n\t\t\t\tbreakpoints: {\n\t\t\t\t\t640: {\n\t\t\t\t\t\tslidesPerView: 3,\n\t\t\t\t\t},\n\t\t\t\t\t992: {\n\t\t\t\t\t\tslidesPerView: 4,\n\t\t\t\t\t}\n\t\t\t\t},\n\t\t\t\t\t\t\t\t\tnavigation: {\n\t\t\t\t\t\tnextEl: '.stm-swiper-next',\n\t\t\t\t\t\tprevEl: '.stm-swiper-prev',\n\t\t\t\t\t},\n\t\t\t\t\n\t\t\t\t\t\t\t\t\tpagination: {\n\t\t\t\t\t\tel: '.swiper-pagination',\n\t\t\t\t\t\tclickable: true,\n\t\t\t\t\t},\n\t\t\t\t\t\t\t});\n\n\t\t\t\t\t});\n\t\t\t} ( jQuery ) );\n\t<\/script>\n\t\t\t<\/div>\n\t\t\t\t<\/div>\n\t\t\t\t\t<\/div>\n\t\t<\/div>\n\t\t\t\t\t<\/div>\n\t\t<\/section>\n\t\t\t\t\t<\/div>\n\t\t<\/div>\n\t\t\t\t\t<\/div>\n\t\t<\/section>\n\t\t\t\t<section class=\"elementor-section elementor-top-section elementor-element elementor-element-3d79486 elementor-section-full_width elementor-section-stretched elementor-section-height-default elementor-section-height-default\" data-id=\"3d79486\" data-element_type=\"section\" data-settings=\"{&quot;stretch_section&quot;:&quot;section-stretched&quot;,&quot;background_background&quot;:&quot;classic&quot;}\">\n\t\t\t\t\t\t<div class=\"elementor-container elementor-column-gap-default\">\n\t\t\t\t\t<div class=\"elementor-column elementor-col-100 elementor-top-column elementor-element elementor-element-2ddcc87\" data-id=\"2ddcc87\" data-element_type=\"column\">\n\t\t\t<div class=\"elementor-widget-wrap elementor-element-populated\">\n\t\t\t\t\t\t<div class=\"elementor-element elementor-element-20e6efd elementor-widget elementor-widget-heading\" data-id=\"20e6efd\" data-element_type=\"widget\" data-widget_type=\"heading.default\">\n\t\t\t\t<div class=\"elementor-widget-container\">\n\t\t\t<h2 class=\"elementor-heading-title elementor-size-default\">UNSER TEAM<\/h2>\t\t<\/div>\n\t\t\t\t<\/div>\n\t\t\t\t<div class=\"elementor-element elementor-element-5224060 elementor-widget elementor-widget-stm-colored-separator\" data-id=\"5224060\" data-element_type=\"widget\" data-widget_type=\"stm-colored-separator.default\">\n\t\t\t\t<div class=\"elementor-widget-container\">\n\t\t\t<div class=\"colored-separator\" style=\"text-align: center;\">\n\t\t\t<div class=\"first-long stm-base-background-color\"><\/div>\n\t\t<div class=\"last-short stm-base-background-color\"><\/div>\n\t<\/div>\n\t\t<\/div>\n\t\t\t\t<\/div>\n\t\t\t\t<section class=\"elementor-section elementor-inner-section elementor-element elementor-element-d2a6224 elementor-section-boxed elementor-section-height-default elementor-section-height-default\" data-id=\"d2a6224\" data-element_type=\"section\">\n\t\t\t\t\t\t<div class=\"elementor-container elementor-column-gap-default\">\n\t\t\t\t\t<div class=\"elementor-column elementor-col-25 elementor-inner-column elementor-element elementor-element-9097783\" data-id=\"9097783\" data-element_type=\"column\">\n\t\t\t<div class=\"elementor-widget-wrap elementor-element-populated\">\n\t\t\t\t\t\t<div class=\"elementor-element elementor-element-ef33cae elementor-widget elementor-widget-stm-team-member\" data-id=\"ef33cae\" data-element_type=\"widget\" data-widget_type=\"stm-team-member.default\">\n\t\t\t\t<div class=\"elementor-widget-container\">\n\t\t\t\n<div class=\"stm-our-team\">\n\t\t\t<div class=\"image\">\n\t\t\t<img decoding=\"async\" src=\"https:\/\/yournextride.de\/wp-content\/plugins\/motors-elementor-widgets\/assets\/img\/avatar.png\" alt=\"Team member photo\">\n\n\t\t\t\t\t<\/div>\n\t\n\t\t\t<div class=\"meta\">\n\t\t\t\t\t\t\t<div class=\"name h5 heading-font\">\n\t\t\t\t\tJana Rohde\t\t\t\t<\/div>\n\t\t\t\t\t\t\t\t\t\t<div class=\"position\">\n\t\t\t\t\tGesch\u00e4ftsf\u00fchrender Direktor\t\t\t\t<\/div>\n\t\t\t\t\t<\/div>\n\t<\/div>\n\t\t<\/div>\n\t\t\t\t<\/div>\n\t\t\t\t\t<\/div>\n\t\t<\/div>\n\t\t\t\t<div class=\"elementor-column elementor-col-25 elementor-inner-column elementor-element elementor-element-75124b5\" data-id=\"75124b5\" data-element_type=\"column\">\n\t\t\t<div class=\"elementor-widget-wrap elementor-element-populated\">\n\t\t\t\t\t\t<div class=\"elementor-element elementor-element-7416b6e elementor-widget elementor-widget-stm-team-member\" data-id=\"7416b6e\" data-element_type=\"widget\" data-widget_type=\"stm-team-member.default\">\n\t\t\t\t<div class=\"elementor-widget-container\">\n\t\t\t\n<div class=\"stm-our-team\">\n\t\t\t<div class=\"image\">\n\t\t\t<img decoding=\"async\" src=\"https:\/\/yournextride.de\/wp-content\/plugins\/motors-elementor-widgets\/assets\/img\/avatar.png\" alt=\"Team member photo\">\n\n\t\t\t\t\t<\/div>\n\t\n\t\t\t<div class=\"meta\">\n\t\t\t\t\t\t\t<div class=\"name h5 heading-font\">\n\t\t\t\t\tSimon Mungwa\t\t\t\t<\/div>\n\t\t\t\t\t\t\t\t\t\t<div class=\"position\">\n\t\t\t\t\tGesch\u00e4ftsentwicklung \t\t\t\t<\/div>\n\t\t\t\t\t<\/div>\n\t<\/div>\n\t\t<\/div>\n\t\t\t\t<\/div>\n\t\t\t\t\t<\/div>\n\t\t<\/div>\n\t\t\t\t<div class=\"elementor-column elementor-col-25 elementor-inner-column elementor-element elementor-element-fdff97f\" data-id=\"fdff97f\" data-element_type=\"column\">\n\t\t\t<div class=\"elementor-widget-wrap elementor-element-populated\">\n\t\t\t\t\t\t<div class=\"elementor-element elementor-element-98e4db1 elementor-widget elementor-widget-stm-team-member\" data-id=\"98e4db1\" data-element_type=\"widget\" data-widget_type=\"stm-team-member.default\">\n\t\t\t\t<div class=\"elementor-widget-container\">\n\t\t\t\n<div class=\"stm-our-team\">\n\t\t\t<div class=\"image\">\n\t\t\t<img decoding=\"async\" src=\"https:\/\/yournextride.de\/wp-content\/plugins\/motors-elementor-widgets\/assets\/img\/avatar.png\" alt=\"Team member photo\">\n\n\t\t\t\t\t<\/div>\n\t\n\t\t\t<div class=\"meta\">\n\t\t\t\t\t\t\t<div class=\"name h5 heading-font\">\n\t\t\t\t\tSimon Rohde\t\t\t\t<\/div>\n\t\t\t\t\t\t\t\t\t\t<div class=\"position\">\n\t\t\t\t\tKundenbetreuung \t\t\t\t<\/div>\n\t\t\t\t\t<\/div>\n\t<\/div>\n\t\t<\/div>\n\t\t\t\t<\/div>\n\t\t\t\t\t<\/div>\n\t\t<\/div>\n\t\t\t\t<div class=\"elementor-column elementor-col-25 elementor-inner-column elementor-element elementor-element-6f633c5\" data-id=\"6f633c5\" data-element_type=\"column\">\n\t\t\t<div class=\"elementor-widget-wrap elementor-element-populated\">\n\t\t\t\t\t\t<div class=\"elementor-element elementor-element-8f33cbb elementor-widget elementor-widget-stm-team-member\" data-id=\"8f33cbb\" data-element_type=\"widget\" data-widget_type=\"stm-team-member.default\">\n\t\t\t\t<div class=\"elementor-widget-container\">\n\t\t\t\n<div class=\"stm-our-team\">\n\t\t\t<div class=\"image\">\n\t\t\t<img decoding=\"async\" src=\"https:\/\/yournextride.de\/wp-content\/plugins\/motors-elementor-widgets\/assets\/img\/avatar.png\" alt=\"Team member photo\">\n\n\t\t\t\t\t<\/div>\n\t\n\t\t\t<div class=\"meta\">\n\t\t\t\t\t\t\t<div class=\"name h5 heading-font\">\n\t\t\t\t\tSylvie Ebangha \t\t\t\t<\/div>\n\t\t\t\t\t\t\t\t\t\t<div class=\"position\">\n\t\t\t\t\tVertriebsbeauftragter\t\t\t\t<\/div>\n\t\t\t\t\t<\/div>\n\t<\/div>\n\t\t<\/div>\n\t\t\t\t<\/div>\n\t\t\t\t\t<\/div>\n\t\t<\/div>\n\t\t\t\t\t<\/div>\n\t\t<\/section>\n\t\t\t\t\t<\/div>\n\t\t<\/div>\n\t\t\t\t\t<\/div>\n\t\t<\/section>\n\t\t\t\t<section class=\"elementor-section elementor-top-section elementor-element elementor-element-a26417d elementor-section-boxed elementor-section-height-default elementor-section-height-default\" data-id=\"a26417d\" data-element_type=\"section\">\n\t\t\t\t\t\t<div class=\"elementor-container elementor-column-gap-default\">\n\t\t\t\t\t<div class=\"elementor-column elementor-col-100 elementor-top-column elementor-element elementor-element-19cc7fa\" data-id=\"19cc7fa\" data-element_type=\"column\">\n\t\t\t<div class=\"elementor-widget-wrap elementor-element-populated\">\n\t\t\t\t\t\t<div class=\"elementor-element elementor-element-ca90969 elementor-widget elementor-widget-image-carousel\" data-id=\"ca90969\" data-element_type=\"widget\" data-settings=\"{&quot;slides_to_show&quot;:&quot;6&quot;,&quot;slides_to_scroll&quot;:&quot;1&quot;,&quot;navigation&quot;:&quot;none&quot;,&quot;autoplay&quot;:&quot;no&quot;,&quot;infinite&quot;:&quot;yes&quot;,&quot;speed&quot;:500}\" data-widget_type=\"image-carousel.default\">\n\t\t\t\t<div class=\"elementor-widget-container\">\n\t\t\t<style>\/*! elementor - v3.20.0 - 26-03-2024 *\/\n.elementor-widget-image-carousel .swiper,.elementor-widget-image-carousel .swiper-container{position:static}.elementor-widget-image-carousel .swiper-container .swiper-slide figure,.elementor-widget-image-carousel .swiper .swiper-slide figure{line-height:inherit}.elementor-widget-image-carousel .swiper-slide{text-align:center}.elementor-image-carousel-wrapper:not(.swiper-container-initialized):not(.swiper-initialized) .swiper-slide{max-width:calc(100% \/ var(--e-image-carousel-slides-to-show, 3))}<\/style>\t\t<div class=\"elementor-image-carousel-wrapper swiper\" dir=\"ltr\">\n\t\t\t<div class=\"elementor-image-carousel swiper-wrapper\" aria-live=\"polite\">\n\t\t\t\t\t\t\t\t<div class=\"swiper-slide\" role=\"group\" aria-roledescription=\"slide\" aria-label=\"1 von 6\"><figure class=\"swiper-slide-inner\"><img decoding=\"async\" class=\"swiper-slide-image\" src=\"https:\/\/yournextride.de\/wp-content\/uploads\/2024\/03\/Audi.png\" alt=\"Audi\" \/><\/figure><\/div><div class=\"swiper-slide\" role=\"group\" aria-roledescription=\"slide\" aria-label=\"2 von 6\"><figure class=\"swiper-slide-inner\"><img decoding=\"async\" class=\"swiper-slide-image\" src=\"https:\/\/yournextride.de\/wp-content\/uploads\/2024\/03\/Porsche.png\" alt=\"Porsche\" \/><\/figure><\/div><div class=\"swiper-slide\" role=\"group\" aria-roledescription=\"slide\" aria-label=\"3 von 6\"><figure class=\"swiper-slide-inner\"><img decoding=\"async\" class=\"swiper-slide-image\" src=\"https:\/\/yournextride.de\/wp-content\/uploads\/2024\/03\/bentley.png\" alt=\"bentley\" \/><\/figure><\/div><div class=\"swiper-slide\" role=\"group\" aria-roledescription=\"slide\" aria-label=\"4 von 6\"><figure class=\"swiper-slide-inner\"><img decoding=\"async\" class=\"swiper-slide-image\" src=\"https:\/\/yournextride.de\/wp-content\/uploads\/2024\/03\/toyota.png\" alt=\"toyota\" \/><\/figure><\/div><div class=\"swiper-slide\" role=\"group\" aria-roledescription=\"slide\" aria-label=\"5 von 6\"><figure class=\"swiper-slide-inner\"><img decoding=\"async\" class=\"swiper-slide-image\" src=\"https:\/\/yournextride.de\/wp-content\/uploads\/2024\/03\/BMW.png\" alt=\"BMW\" \/><\/figure><\/div><div class=\"swiper-slide\" role=\"group\" aria-roledescription=\"slide\" aria-label=\"6 von 6\"><figure class=\"swiper-slide-inner\"><img decoding=\"async\" class=\"swiper-slide-image\" src=\"https:\/\/yournextride.de\/wp-content\/uploads\/2024\/03\/Mercedes.png\" alt=\"Mercedes\" \/><\/figure><\/div>\t\t\t<\/div>\n\t\t\t\t\t\t\t\n\t\t\t\t\t\t\t\t\t<\/div>\n\t\t\t\t<\/div>\n\t\t\t\t<\/div>\n\t\t\t\t\t<\/div>\n\t\t<\/div>\n\t\t\t\t\t<\/div>\n\t\t<\/section>\n\t\t\t\t<\/div>","protected":false},"excerpt":{"rendered":"<p>WELCOME TO\u00a0 YOUR NEXT RIDE Your Next Ride is a registered service founded in Germany to bridge car buyers with car dealers, helping end-users find and by their next ride from Germany. We also help Automobile manufacturers and car dealers to showcase special offers and new models, reaching their targeted audience and finding for them&#8230;<\/p>","protected":false},"author":1,"featured_media":0,"parent":0,"menu_order":0,"comment_status":"closed","ping_status":"closed","template":"","meta":{"footnotes":""},"_links":{"self":[{"href":"https:\/\/yournextride.de\/de\/wp-json\/wp\/v2\/pages\/3201"}],"collection":[{"href":"https:\/\/yournextride.de\/de\/wp-json\/wp\/v2\/pages"}],"about":[{"href":"https:\/\/yournextride.de\/de\/wp-json\/wp\/v2\/types\/page"}],"author":[{"embeddable":true,"href":"https:\/\/yournextride.de\/de\/wp-json\/wp\/v2\/users\/1"}],"replies":[{"embeddable":true,"href":"https:\/\/yournextride.de\/de\/wp-json\/wp\/v2\/comments?post=3201"}],"version-history":[{"count":66,"href":"https:\/\/yournextride.de\/de\/wp-json\/wp\/v2\/pages\/3201\/revisions"}],"predecessor-version":[{"id":3689,"href":"https:\/\/yournextride.de\/de\/wp-json\/wp\/v2\/pages\/3201\/revisions\/3689"}],"wp:attachment":[{"href":"https:\/\/yournextride.de\/de\/wp-json\/wp\/v2\/media?parent=3201"}],"curies":[{"name":"wp","href":"https:\/\/api.w.org\/{rel}","templated":true}]}}