{"id":477,"date":"2015-10-26T04:57:48","date_gmt":"2015-10-26T04:57:48","guid":{"rendered":"http:\/\/test.loc\/?page_id=477"},"modified":"2024-03-23T11:46:35","modified_gmt":"2024-03-23T11:46:35","slug":"services","status":"publish","type":"page","link":"https:\/\/yournextride.de\/fr\/services\/","title":{"rendered":"Services"},"content":{"rendered":"<div data-elementor-type=\"wp-page\" data-elementor-id=\"477\" class=\"elementor elementor-477\">\n\t\t\t\t\t\t<section class=\"elementor-section elementor-top-section elementor-element elementor-element-0313def elementor-section-boxed elementor-section-height-default elementor-section-height-default\" data-id=\"0313def\" data-element_type=\"section\">\n\t\t\t\t\t\t<div class=\"elementor-container elementor-column-gap-default\">\n\t\t\t\t\t<div class=\"elementor-column elementor-col-66 elementor-top-column elementor-element elementor-element-5113fef\" data-id=\"5113fef\" data-element_type=\"column\">\n\t\t\t<div class=\"elementor-widget-wrap elementor-element-populated\">\n\t\t\t\t\t\t<div class=\"elementor-element elementor-element-25ae8d5 elementor-widget elementor-widget-text-editor\" data-id=\"25ae8d5\" data-element_type=\"widget\" data-widget_type=\"text-editor.default\">\n\t\t\t\t<div class=\"elementor-widget-container\">\n\t\t\t<style>\/*! elementor - v3.20.0 - 26-03-2024 *\/\n.elementor-widget-text-editor.elementor-drop-cap-view-stacked .elementor-drop-cap{background-color:#69727d;color:#fff}.elementor-widget-text-editor.elementor-drop-cap-view-framed .elementor-drop-cap{color:#69727d;border:3px solid;background-color:transparent}.elementor-widget-text-editor:not(.elementor-drop-cap-view-default) .elementor-drop-cap{margin-top:8px}.elementor-widget-text-editor:not(.elementor-drop-cap-view-default) .elementor-drop-cap-letter{width:1em;height:1em}.elementor-widget-text-editor .elementor-drop-cap{float:left;text-align:center;line-height:1;font-size:50px}.elementor-widget-text-editor .elementor-drop-cap-letter{display:inline-block}<\/style>\t\t\t\t<h2><span style=\"color: #f5be01;\">YOUR NEXT RIDE<\/span>\u00a0CENTRE DE SERVICE<\/h2>\t\t\t\t\t\t<\/div>\n\t\t\t\t<\/div>\n\t\t\t\t<div class=\"elementor-element elementor-element-4ff29a5 elementor-widget elementor-widget-text-editor\" data-id=\"4ff29a5\" data-element_type=\"widget\" data-widget_type=\"text-editor.default\">\n\t\t\t\t<div class=\"elementor-widget-container\">\n\t\t\t\t\t\t\t<p><strong>Acheter et exp\u00e9dier des voitures depuis l'Allemagne<\/strong><br \/>En travaillant avec un agent attitr\u00e9, vous serez guid\u00e9 depuis la d\u00e9cision, l'achat, l'exp\u00e9dition et la livraison de votre prochaine voiture.<br \/><br \/><strong>Promotion d'offres de voitures, de marques de voitures et de nouveaux mod\u00e8les.<\/strong><br \/>Vous \u00eates un concessionnaire ou un constructeur automobile et vous souhaitez promouvoir vos offres, votre marque ou vos nouveaux mod\u00e8les ? Avec notre base de clients grandissante, c'est peut-\u00eatre la prochaine voiture pour l'un de nos clients. Nous vous aidons \u00e0 trouver le bon acheteur pour votre voiture en pr\u00e9sentant vos offres sur nos plateformes par le biais d'avis et d'annonces automobiles.<br \/><br \/><strong>Votre repr\u00e9sentant de confiance<\/strong> <br \/>Vous \u00eates en dehors de l'Allemagne et vous avez d\u00e9j\u00e0 pris l'initiative de trouver une voiture que vous souhaitez acheter ? Nous pouvons nous charger de contacter le vendeur et d'assurer le suivi de l'achat et de l'exp\u00e9dition de votre voiture vers la destination souhait\u00e9e. Contactez-nous pour b\u00e9n\u00e9ficier de notre soutien professionnel.<br \/><br \/><strong>Inspection de la voiture<\/strong><br \/>En collaboration avec des professionnels et des ateliers partenaires, nous organisons une inspection technique d\u00e9taill\u00e9e des voitures d'occasion avant l'achat.<\/p>\t\t\t\t\t\t<\/div>\n\t\t\t\t<\/div>\n\t\t\t\t<div class=\"elementor-element elementor-element-29f9f7a elementor-widget elementor-widget-text-editor\" data-id=\"29f9f7a\" data-element_type=\"widget\" data-widget_type=\"text-editor.default\">\n\t\t\t\t<div class=\"elementor-widget-container\">\n\t\t\t\t\t\t\t<h4 style=\"text-align: left;\">NOS SERVICES COMPRENNENT<\/h4>\t\t\t\t\t\t<\/div>\n\t\t\t\t<\/div>\n\t\t\t\t<section class=\"elementor-section elementor-inner-section elementor-element elementor-element-45785fe elementor-section-boxed elementor-section-height-default elementor-section-height-default\" data-id=\"45785fe\" data-element_type=\"section\">\n\t\t\t\t\t\t<div class=\"elementor-container elementor-column-gap-default\">\n\t\t\t\t\t<div class=\"elementor-column elementor-col-50 elementor-inner-column elementor-element elementor-element-81fbb13\" data-id=\"81fbb13\" data-element_type=\"column\">\n\t\t\t<div class=\"elementor-widget-wrap elementor-element-populated\">\n\t\t\t\t\t\t<div class=\"elementor-element elementor-element-f9441c7 elementor-widget elementor-widget-text-editor\" data-id=\"f9441c7\" data-element_type=\"widget\" data-widget_type=\"text-editor.default\">\n\t\t\t\t<div class=\"elementor-widget-container\">\n\t\t\t\t\t\t\t<ul class=\"list-style-1\"><li>Acheter des voitures en Allemagne<\/li><li>Exp\u00e9dition de voitures depuis l'Allemagne<\/li><li>Inspection de la voiture<\/li><\/ul>\t\t\t\t\t\t<\/div>\n\t\t\t\t<\/div>\n\t\t\t\t\t<\/div>\n\t\t<\/div>\n\t\t\t\t<div class=\"elementor-column elementor-col-50 elementor-inner-column elementor-element elementor-element-7b7af37\" data-id=\"7b7af37\" data-element_type=\"column\">\n\t\t\t<div class=\"elementor-widget-wrap elementor-element-populated\">\n\t\t\t\t\t\t<div class=\"elementor-element elementor-element-3b9cdcc elementor-widget elementor-widget-text-editor\" data-id=\"3b9cdcc\" data-element_type=\"widget\" data-widget_type=\"text-editor.default\">\n\t\t\t\t<div class=\"elementor-widget-container\">\n\t\t\t\t\t\t\t<ul class=\"list-style-1\"><li>Vendre sa vieille voiture<\/li><li>Votre repr\u00e9sentant de confiance<\/li><\/ul>\t\t\t\t\t\t<\/div>\n\t\t\t\t<\/div>\n\t\t\t\t\t<\/div>\n\t\t<\/div>\n\t\t\t\t\t<\/div>\n\t\t<\/section>\n\t\t\t\t<div class=\"elementor-element elementor-element-8cb520f elementor-widget elementor-widget-text-editor\" data-id=\"8cb520f\" data-element_type=\"widget\" data-widget_type=\"text-editor.default\">\n\t\t\t\t<div class=\"elementor-widget-container\">\n\t\t\t\t\t\t\t<p>Gagnez du temps et contactez-nous d\u00e8s aujourd'hui. D\u00e8s r\u00e9ception de votre demande, nous vous contacterons pour r\u00e9pondre \u00e0 votre besoin sp\u00e9cifique. Il n'y a rien de plus simple.<\/p>\t\t\t\t\t\t<\/div>\n\t\t\t\t<\/div>\n\t\t\t\t\t<\/div>\n\t\t<\/div>\n\t\t\t\t<div class=\"elementor-column elementor-col-33 elementor-top-column elementor-element elementor-element-e1a9776 elementor-hidden-tablet elementor-hidden-mobile\" data-id=\"e1a9776\" data-element_type=\"column\">\n\t\t\t<div class=\"elementor-widget-wrap elementor-element-populated\">\n\t\t\t\t\t\t<div class=\"elementor-element elementor-element-9903e2d elementor-widget elementor-widget-image\" data-id=\"9903e2d\" data-element_type=\"widget\" data-widget_type=\"image.default\">\n\t\t\t\t<div class=\"elementor-widget-container\">\n\t\t\t<style>\/*! elementor - v3.20.0 - 26-03-2024 *\/\n.elementor-widget-image{text-align:center}.elementor-widget-image a{display:inline-block}.elementor-widget-image a img[src$=\".svg\"]{width:48px}.elementor-widget-image img{vertical-align:middle;display:inline-block}<\/style>\t\t\t\t\t\t\t\t\t\t\t\t\t\t\t\t\t\t\t\t\t\t\t<\/div>\n\t\t\t\t<\/div>\n\t\t\t\t<div class=\"elementor-element elementor-element-f1297f2 elementor-widget elementor-widget-image\" data-id=\"f1297f2\" data-element_type=\"widget\" data-widget_type=\"image.default\">\n\t\t\t\t<div class=\"elementor-widget-container\">\n\t\t\t\t\t\t\t\t\t\t\t\t\t<img decoding=\"async\" src=\"https:\/\/motors.stylemixstage.com\/elementor-dealer-one\/wp-content\/uploads\/sites\/27\/2015\/11\/service-1-22.jpg\" title=\"\" alt=\"\" loading=\"lazy\" \/>\t\t\t\t\t\t\t\t\t\t\t\t\t<\/div>\n\t\t\t\t<\/div>\n\t\t\t\t<div class=\"elementor-element elementor-element-135291b elementor-widget elementor-widget-image\" data-id=\"135291b\" data-element_type=\"widget\" data-widget_type=\"image.default\">\n\t\t\t\t<div class=\"elementor-widget-container\">\n\t\t\t\t\t\t\t\t\t\t\t\t\t\t\t\t\t\t\t\t\t\t\t\t\t\t<\/div>\n\t\t\t\t<\/div>\n\t\t\t\t\t<\/div>\n\t\t<\/div>\n\t\t\t\t\t<\/div>\n\t\t<\/section>\n\t\t\t\t<section class=\"elementor-section elementor-top-section elementor-element elementor-element-d928e25 elementor-section-full_width elementor-section-stretched elementor-section-height-default elementor-section-height-default\" data-id=\"d928e25\" data-element_type=\"section\" data-settings=\"{&quot;stretch_section&quot;:&quot;section-stretched&quot;,&quot;background_background&quot;:&quot;classic&quot;}\">\n\t\t\t\t\t\t<div class=\"elementor-container elementor-column-gap-default\">\n\t\t\t\t\t<div class=\"elementor-column elementor-col-100 elementor-top-column elementor-element elementor-element-e50a5f9\" data-id=\"e50a5f9\" data-element_type=\"column\" data-settings=\"{&quot;background_background&quot;:&quot;classic&quot;}\">\n\t\t\t<div class=\"elementor-widget-wrap elementor-element-populated\">\n\t\t\t\t\t\t<section class=\"elementor-section elementor-inner-section elementor-element elementor-element-9d8f9a9 elementor-section-boxed elementor-section-height-default elementor-section-height-default\" data-id=\"9d8f9a9\" data-element_type=\"section\">\n\t\t\t\t\t\t<div class=\"elementor-container elementor-column-gap-default\">\n\t\t\t\t\t<div class=\"elementor-column elementor-col-33 elementor-inner-column elementor-element elementor-element-a8ea292\" data-id=\"a8ea292\" data-element_type=\"column\">\n\t\t\t<div class=\"elementor-widget-wrap elementor-element-populated\">\n\t\t\t\t\t\t<div class=\"elementor-element elementor-element-402f7ec elementor-widget elementor-widget-stm-icon-box\" data-id=\"402f7ec\" data-element_type=\"widget\" data-widget_type=\"stm-icon-box.default\">\n\t\t\t\t<div class=\"elementor-widget-container\">\n\t\t\t\n\t<div class=\"icon-box stm-layout-box-car_dealer\">\n\t\t<div class=\"boat-line\"><\/div>\n\t\t\t\t\t<div class=\"icon boat-third-color icon_element\">\n\t\t\t\t<i aria-hidden=\"true\" class=\"stmicon- stm-icon-car\"><\/i>\t\t\t<\/div>\n\t\t\t\t<div class=\"icon-text\">\n\t\t\t\t\t\t<h4 class=\"title heading-font\">\n\t\t\t\tACHAT ET EXP\u00c9DITION DE VOITURES \u00c0 PARTIR DE L'ALLEMAGNE\t\t<\/h4>\n\t\t\t\t\t\t<div class=\"content heading-font\">\n\t\t\t\t<p>En travaillant avec un agent attitr\u00e9, vous serez guid\u00e9 depuis la d\u00e9cision, l'achat, l'exp\u00e9dition et la livraison de votre prochaine voiture.<\/p>\t\t\t<\/div>\n\t\t\t\t\t<\/div>\n\t\t<\/div>\n\n\t\t\t<\/div>\n\t\t\t\t<\/div>\n\t\t\t\t\t<\/div>\n\t\t<\/div>\n\t\t\t\t<div class=\"elementor-column elementor-col-33 elementor-inner-column elementor-element elementor-element-053f8c9\" data-id=\"053f8c9\" data-element_type=\"column\">\n\t\t\t<div class=\"elementor-widget-wrap elementor-element-populated\">\n\t\t\t\t\t\t<div class=\"elementor-element elementor-element-6647b44 elementor-widget elementor-widget-stm-icon-box\" data-id=\"6647b44\" data-element_type=\"widget\" data-widget_type=\"stm-icon-box.default\">\n\t\t\t\t<div class=\"elementor-widget-container\">\n\t\t\t\n\t<div class=\"icon-box stm-layout-box-car_dealer\">\n\t\t<div class=\"boat-line\"><\/div>\n\t\t\t\t\t<div class=\"icon boat-third-color icon_element\">\n\t\t\t\t<svg aria-hidden=\"true\" class=\"e-font-icon-svg e-fas-car-crash\" viewbox=\"0 0 640 512\" xmlns=\"http:\/\/www.w3.org\/2000\/svg\"><path d=\"M143.25 220.81l-12.42 46.37c-3.01 11.25-3.63 22.89-2.41 34.39l-35.2 28.98c-6.57 5.41-16.31-.43-14.62-8.77l15.44-76.68c1.06-5.26-2.66-10.28-8-10.79l-77.86-7.55c-8.47-.82-11.23-11.83-4.14-16.54l65.15-43.3c4.46-2.97 5.38-9.15 1.98-13.29L21.46 93.22c-5.41-6.57.43-16.3 8.78-14.62l76.68 15.44c5.26 1.06 10.28-2.66 10.8-8l7.55-77.86c.82-8.48 11.83-11.23 16.55-4.14l43.3 65.14c2.97 4.46 9.15 5.38 13.29 1.98l60.4-49.71c6.57-5.41 16.3.43 14.62 8.77L262.1 86.38c-2.71 3.05-5.43 6.09-7.91 9.4l-32.15 42.97-10.71 14.32c-32.73 8.76-59.18 34.53-68.08 67.74zm494.57 132.51l-12.42 46.36c-3.13 11.68-9.38 21.61-17.55 29.36a66.876 66.876 0 0 1-8.76 7l-13.99 52.23c-1.14 4.27-3.1 8.1-5.65 11.38-7.67 9.84-20.74 14.68-33.54 11.25L515 502.62c-17.07-4.57-27.2-22.12-22.63-39.19l8.28-30.91-247.28-66.26-8.28 30.91c-4.57 17.07-22.12 27.2-39.19 22.63l-30.91-8.28c-12.8-3.43-21.7-14.16-23.42-26.51-.57-4.12-.35-8.42.79-12.68l13.99-52.23a66.62 66.62 0 0 1-4.09-10.45c-3.2-10.79-3.65-22.52-.52-34.2l12.42-46.37c5.31-19.8 19.36-34.83 36.89-42.21a64.336 64.336 0 0 1 18.49-4.72l18.13-24.23 32.15-42.97c3.45-4.61 7.19-8.9 11.2-12.84 8-7.89 17.03-14.44 26.74-19.51 4.86-2.54 9.89-4.71 15.05-6.49 10.33-3.58 21.19-5.63 32.24-6.04 11.05-.41 22.31.82 33.43 3.8l122.68 32.87c11.12 2.98 21.48 7.54 30.85 13.43a111.11 111.11 0 0 1 34.69 34.5c8.82 13.88 14.64 29.84 16.68 46.99l6.36 53.29 3.59 30.05a64.49 64.49 0 0 1 22.74 29.93c4.39 11.88 5.29 25.19 1.75 38.39zM255.58 234.34c-18.55-4.97-34.21 4.04-39.17 22.53-4.96 18.49 4.11 34.12 22.65 39.09 18.55 4.97 45.54 15.51 50.49-2.98 4.96-18.49-15.43-53.67-33.97-58.64zm290.61 28.17l-6.36-53.29c-.58-4.87-1.89-9.53-3.82-13.86-5.8-12.99-17.2-23.01-31.42-26.82l-122.68-32.87a48.008 48.008 0 0 0-50.86 17.61l-32.15 42.97 172 46.08 75.29 20.18zm18.49 54.65c-18.55-4.97-53.8 15.31-58.75 33.79-4.95 18.49 23.69 22.86 42.24 27.83 18.55 4.97 34.21-4.04 39.17-22.53 4.95-18.48-4.11-34.12-22.66-39.09z\"><\/path><\/svg>\t\t\t<\/div>\n\t\t\t\t<div class=\"icon-text\">\n\t\t\t\t\t\t<h4 class=\"title heading-font\">\n\t\t\t\tINSPECTION DES VOITURES\t\t<\/h4>\n\t\t\t\t\t\t<div class=\"content heading-font\">\n\t\t\t\t<p>En collaboration avec des professionnels et des ateliers partenaires, nous organisons une inspection technique d\u00e9taill\u00e9e de votre v\u00e9hicule.<\/p>\t\t\t<\/div>\n\t\t\t\t\t<\/div>\n\t\t<\/div>\n\n\t\t\t<\/div>\n\t\t\t\t<\/div>\n\t\t\t\t\t<\/div>\n\t\t<\/div>\n\t\t\t\t<div class=\"elementor-column elementor-col-33 elementor-inner-column elementor-element elementor-element-3f82ca1\" data-id=\"3f82ca1\" data-element_type=\"column\">\n\t\t\t<div class=\"elementor-widget-wrap elementor-element-populated\">\n\t\t\t\t\t\t<div class=\"elementor-element elementor-element-ba7a711 elementor-widget elementor-widget-stm-icon-box\" data-id=\"ba7a711\" data-element_type=\"widget\" data-widget_type=\"stm-icon-box.default\">\n\t\t\t\t<div class=\"elementor-widget-container\">\n\t\t\t\n\t<div class=\"icon-box stm-layout-box-car_dealer\">\n\t\t<div class=\"boat-line\"><\/div>\n\t\t\t\t\t<div class=\"icon boat-third-color icon_element\">\n\t\t\t\t<i aria-hidden=\"true\" class=\"stmicon- stm-icon-auto_electric\"><\/i>\t\t\t<\/div>\n\t\t\t\t<div class=\"icon-text\">\n\t\t\t\t\t\t<h4 class=\"title heading-font\">\n\t\t\t\tVENDRE SA VIEILLE VOITURE\t\t<\/h4>\n\t\t\t\t\t\t<div class=\"content heading-font\">\n\t\t\t\t<p>Vous avez une voiture \u00e0 vendre ? Avec notre base de clients en pleine expansion, il pourrait s'agir de la prochaine voiture de l'un de nos clients. Nous vous aidons \u00e0 trouver le bon acheteur pour votre voiture.<\/p>\t\t\t<\/div>\n\t\t\t\t\t<\/div>\n\t\t<\/div>\n\n\t\t\t<\/div>\n\t\t\t\t<\/div>\n\t\t\t\t\t<\/div>\n\t\t<\/div>\n\t\t\t\t\t<\/div>\n\t\t<\/section>\n\t\t\t\t\t<\/div>\n\t\t<\/div>\n\t\t\t\t\t<\/div>\n\t\t<\/section>\n\t\t\t\t<section class=\"elementor-section elementor-top-section elementor-element elementor-element-de533bf elementor-section-stretched elementor-section-boxed elementor-section-height-default elementor-section-height-default\" data-id=\"de533bf\" data-element_type=\"section\" data-settings=\"{&quot;stretch_section&quot;:&quot;section-stretched&quot;,&quot;background_background&quot;:&quot;classic&quot;}\">\n\t\t\t\t\t\t<div class=\"elementor-container elementor-column-gap-default\">\n\t\t\t\t\t<div class=\"elementor-column elementor-col-100 elementor-top-column elementor-element elementor-element-aa58f5c\" data-id=\"aa58f5c\" data-element_type=\"column\">\n\t\t\t<div class=\"elementor-widget-wrap elementor-element-populated\">\n\t\t\t\t\t\t<section class=\"elementor-section elementor-inner-section elementor-element elementor-element-2a99579 elementor-section-boxed elementor-section-height-default elementor-section-height-default\" data-id=\"2a99579\" data-element_type=\"section\">\n\t\t\t\t\t\t<div class=\"elementor-container elementor-column-gap-default\">\n\t\t\t\t\t<div class=\"elementor-column elementor-col-50 elementor-inner-column elementor-element elementor-element-cd4168a\" data-id=\"cd4168a\" data-element_type=\"column\">\n\t\t\t<div class=\"elementor-widget-wrap elementor-element-populated\">\n\t\t\t\t\t\t<div class=\"elementor-element elementor-element-fa9d8fe elementor-position-left elementor-vertical-align-middle elementor-view-default elementor-mobile-position-top elementor-widget elementor-widget-icon-box\" data-id=\"fa9d8fe\" data-element_type=\"widget\" data-widget_type=\"icon-box.default\">\n\t\t\t\t<div class=\"elementor-widget-container\">\n\t\t\t<link rel=\"stylesheet\" href=\"https:\/\/yournextride.de\/wp-content\/plugins\/elementor\/assets\/css\/widget-icon-box.min.css\">\t\t<div class=\"elementor-icon-box-wrapper\">\n\t\t\t\t\t\t<div class=\"elementor-icon-box-icon\">\n\t\t\t\t<span  class=\"elementor-icon elementor-animation-\">\n\t\t\t\t<i aria-hidden=\"true\" class=\"stmicon- stm-icon-question\"><\/i>\t\t\t\t<\/span>\n\t\t\t<\/div>\n\t\t\t\t\t\t<div class=\"elementor-icon-box-content\">\n\t\t\t\t<h3 class=\"elementor-icon-box-title\">\n\t\t\t\t\t<span  >\n\t\t\t\t\t\tVous avez des questions ? Appelez d\u00e8s aujourd'hui !\t\t\t\t\t<\/span>\n\t\t\t\t<\/h3>\n\t\t\t\t\t\t\t<\/div>\n\t\t<\/div>\n\t\t\t\t<\/div>\n\t\t\t\t<\/div>\n\t\t\t\t\t<\/div>\n\t\t<\/div>\n\t\t\t\t<div class=\"elementor-column elementor-col-50 elementor-inner-column elementor-element elementor-element-6e22fcb\" data-id=\"6e22fcb\" data-element_type=\"column\">\n\t\t\t<div class=\"elementor-widget-wrap elementor-element-populated\">\n\t\t\t\t\t\t<div class=\"elementor-element elementor-element-91c43af elementor-position-left elementor-vertical-align-middle elementor-view-default elementor-mobile-position-top elementor-widget elementor-widget-icon-box\" data-id=\"91c43af\" data-element_type=\"widget\" data-widget_type=\"icon-box.default\">\n\t\t\t\t<div class=\"elementor-widget-container\">\n\t\t\t\t\t<div class=\"elementor-icon-box-wrapper\">\n\t\t\t\t\t\t<div class=\"elementor-icon-box-icon\">\n\t\t\t\t<span  class=\"elementor-icon elementor-animation-\">\n\t\t\t\t<i aria-hidden=\"true\" class=\"stmicon- stm-icon-phone2\"><\/i>\t\t\t\t<\/span>\n\t\t\t<\/div>\n\t\t\t\t\t\t<div class=\"elementor-icon-box-content\">\n\t\t\t\t<h3 class=\"elementor-icon-box-title\">\n\t\t\t\t\t<span  >\n\t\t\t\t\t\t+4917657761915\t\t\t\t\t<\/span>\n\t\t\t\t<\/h3>\n\t\t\t\t\t\t\t<\/div>\n\t\t<\/div>\n\t\t\t\t<\/div>\n\t\t\t\t<\/div>\n\t\t\t\t\t<\/div>\n\t\t<\/div>\n\t\t\t\t\t<\/div>\n\t\t<\/section>\n\t\t\t\t\t<\/div>\n\t\t<\/div>\n\t\t\t\t\t<\/div>\n\t\t<\/section>\n\t\t\t\t<\/div>","protected":false},"excerpt":{"rendered":"<p>YOUR NEXT RIDE\u00a0SERVICE CENTER Buying and Shipping Cars from GermanyWorking with an assigned agent, you will have all the guide from deciding, buying, shipping and delivery of your next car. Promoting car offers, car brands and new models.Are you a car dealer or a car manufacturer looking to promote your offers, your car brand, or&#8230;<\/p>","protected":false},"author":1,"featured_media":0,"parent":0,"menu_order":0,"comment_status":"closed","ping_status":"closed","template":"","meta":{"footnotes":""},"_links":{"self":[{"href":"https:\/\/yournextride.de\/fr\/wp-json\/wp\/v2\/pages\/477"}],"collection":[{"href":"https:\/\/yournextride.de\/fr\/wp-json\/wp\/v2\/pages"}],"about":[{"href":"https:\/\/yournextride.de\/fr\/wp-json\/wp\/v2\/types\/page"}],"author":[{"embeddable":true,"href":"https:\/\/yournextride.de\/fr\/wp-json\/wp\/v2\/users\/1"}],"replies":[{"embeddable":true,"href":"https:\/\/yournextride.de\/fr\/wp-json\/wp\/v2\/comments?post=477"}],"version-history":[{"count":27,"href":"https:\/\/yournextride.de\/fr\/wp-json\/wp\/v2\/pages\/477\/revisions"}],"predecessor-version":[{"id":3471,"href":"https:\/\/yournextride.de\/fr\/wp-json\/wp\/v2\/pages\/477\/revisions\/3471"}],"wp:attachment":[{"href":"https:\/\/yournextride.de\/fr\/wp-json\/wp\/v2\/media?parent=477"}],"curies":[{"name":"wp","href":"https:\/\/api.w.org\/{rel}","templated":true}]}}